{"id":2975,"date":"2022-11-30T08:44:34","date_gmt":"2022-11-30T08:44:34","guid":{"rendered":"https:\/\/www.millennium-towers.hu\/?page_id=2975"},"modified":"2025-12-12T09:39:20","modified_gmt":"2025-12-12T09:39:20","slug":"impresszum","status":"publish","type":"page","link":"https:\/\/www.millennium-towers.hu\/hu\/impresszum\/","title":{"rendered":"Impresszum"},"content":{"rendered":"<section id=\"bt_bb_section69d790e1dda2b\" class=\"bt_bb_section bt_bb_layout_boxed_1200\"  data-bt-override-class=\"null\"><div class=\"bt_bb_port\"><div class=\"bt_bb_cell\"><div class=\"bt_bb_cell_inner\"><div class=\"bt_bb_row\"  data-bt-override-class=\"{}\"><div class=\"bt_bb_row_holder\" ><div  class=\"bt_bb_column col-xxl-12 col-xl-12 col-xs-12 col-sm-12 col-md-12 col-lg-12 bt_bb_vertical_align_top bt_bb_align_left bt_bb_padding_normal\" style=\"; --column-width:12;\" data-width=\"12\" data-bt-override-class=\"{}\"><div class=\"bt_bb_column_content\"><div class=\"bt_bb_column_content_inner\"><div class=\"bt_bb_separator bt_bb_border_style_none bt_bb_top_spacing_60 bt_bb_bottom_spacing_\" data-bt-override-class=\"{&quot;bt_bb_top_spacing_&quot;:{&quot;current_class&quot;:&quot;bt_bb_top_spacing_60&quot;,&quot;def&quot;:&quot;60&quot;,&quot;xl&quot;:&quot;60&quot;},&quot;bt_bb_bottom_spacing_&quot;:{&quot;current_class&quot;:&quot;bt_bb_bottom_spacing_&quot;,&quot;def&quot;:&quot;&quot;,&quot;xl&quot;:&quot;&quot;}}\"><\/div><div  class=\"bt_bb_text\" ><\/p>\n<p>C\u00e9gn\u00e9v (company name): <strong>MILLENNIUM IRODAH\u00c1Z KFT.<\/strong>(MILLENNIUM IRODAH\u00c1Z LLC.)<br \/><strong>DUNA TERM\u00c1L HOTEL KFT.<\/strong> (DUNA TERM\u00c1L HOTEL LLC.)<br \/><strong>DUNA BUSINESS HOTEL KFT.<\/strong> (DUNA BUSINESS HOTEL INGATLANFEJLESZT\u0150 LLC.)<br \/>Sz\u00e9khely (registered office): 1095 Budapest, Lechner \u00d6d\u00f6n fasor 7.<br \/>Telefon (phone number): +36 1 501 28 00<br \/>E-Mail: <a style=\"color: #0091e6; text-decoration: underline;\" href=\"mailto:office@caimmo.hu\">office@caimmo.hu<\/a><br \/>C\u00e9gjegyz\u00e9ksz\u00e1m a t\u00e1rsas\u00e1gok fenti sorrendj\u00e9ben (company register no. in the above order of the companies):<br \/>Cg. 01-09-967713<br \/>Cg. 01-09-705054<br \/>Cg. 01-09-705061<br \/>Nyilv\u00e1ntart\u00e1s\u00e1t vezeti (registered with): F\u0151v\u00e1rosi T\u00f6rv\u00e9nysz\u00e9k C\u00e9gb\u00edr\u00f3s\u00e1ga (Company Registry Court of Budapest-Capital Regional Court)<br \/>Ad\u00f3sz\u00e1m a t\u00e1rsas\u00e1gok fenti sorrendj\u00e9ben (VAT no. in the above order of the companies):<br \/>23484524-2-43<br \/>12821370-2-43<br \/>12821435-2-43<br \/>K\u00f6z\u00f6ss\u00e9gi ad\u00f3sz\u00e1m a t\u00e1rsas\u00e1gok fenti sorrendj\u00e9ben (EU VAT no. in the above order of the companies):<br \/>HU23484524<br \/>HU12821370<br \/>HU12821435<br \/>T\u00e1rhelyszolg\u00e1ltat\u00f3 neve (name of data hosting service provider): IACD Systemhaus GmbH; sz\u00e9khelye (registered office): H\u00f6herweg 270, 40231 D\u00fcsseldorf, Germany; el\u00e9rhet\u0151s\u00e9ge (contact details): hostmaster@iacd.eu (ticketing), hostmaster@iacd.net (ordinary emails)<br \/>A MILLENNIUM IRODAH\u00c1Z Kft. a CA Immobilien Anlagen AG le\u00e1nyv\u00e1llalata. (MILLENNIUM IRODAH\u00c1Z LLC. is an affilate of CA Immobilien Anlagen AG.)<br \/>A DUNA TERM\u00c1L HOTEL Kft. a CA Immobilien Anlagen AG le\u00e1nyv\u00e1llalata. (DUNA TERM\u00c1L HOTEL LLC. is an affilate of CA Immobilien Anlagen AG.)<br \/>A DUNA BUSINESS HOTEL Kft. a CA Immobilien Anlagen AG le\u00e1nyv\u00e1llalata. (DUNA BUSINESS HOTEL LLC. is an affilate of CA Immobilien Anlagen AG.)<br \/>A honlap adatkezel\u00e9s\u00e9re a MILLENNIUM IRODAH\u00c1Z KFT. Adatkezel\u00e9si T\u00e1j\u00e9koztat\u00f3ja ir\u00e1nyad\u00f3. (The Privacy Policy of MILLENNIUM IRODAH\u00c1Z INGATLANFEJLESZT\u0150 LLC. applies accordingly to the data processing of the site.)<br \/>A honlapon szerepl\u0151 minden sz\u00f6veges, k\u00e9pi, grafikai \u00e9s arculati elem szerz\u0151i jogi jogosultja a MILLENNIUM IRODAH\u00c1Z Kft.; ezen elemek felhaszn\u00e1l\u00e1s\u00e1hoz a MILLENNIUM IRODAH\u00c1Z Kft. el\u0151zetes enged\u00e9lye sz\u00fcks\u00e9ges. (MILLENNIUM IRODAH\u00c1Z LLC. is the copyright holder of each textual, visual, graphic and design element of the site; the use of such elements requires the prior permission of MILLENNIUM IRODAH\u00c1Z LLC.)<br \/>A honlap haszn\u00e1lata sor\u00e1n tilos a jogs\u00e9rt\u0151, diszkriminat\u00edv, a j\u00f3\u00edzl\u00e9sbe \u00fctk\u00f6z\u0151, vagy egy\u00e9bk\u00e9nt a honlap m\u0171k\u00f6d\u00e9s\u00e9t k\u00e1rosan befoly\u00e1sol\u00f3 tartalom megoszt\u00e1sa vagy felt\u00f6lt\u00e9se. (It is prohibited to share or upload any content on the site which is infringing, discriminative, indecent or otherwise capable of adversely affect the functioning of the site.)<\/p>\n<p>\n<\/div><div class=\"bt_bb_separator bt_bb_border_style_none bt_bb_top_spacing_ bt_bb_bottom_spacing_100\" data-bt-override-class=\"{&quot;bt_bb_top_spacing_&quot;:{&quot;current_class&quot;:&quot;bt_bb_top_spacing_&quot;,&quot;def&quot;:&quot;&quot;,&quot;xl&quot;:&quot;&quot;},&quot;bt_bb_bottom_spacing_&quot;:{&quot;current_class&quot;:&quot;bt_bb_bottom_spacing_100&quot;,&quot;def&quot;:&quot;100&quot;,&quot;xl&quot;:&quot;100&quot;,&quot;sm&quot;:&quot;normal&quot;}}\"><\/div><\/div><\/div><\/div><\/div><\/div><\/div><!-- cell_inner --><\/div><!-- cell --><\/div><!-- port --><\/section>","protected":false},"excerpt":{"rendered":"","protected":false},"author":3,"featured_media":2973,"parent":0,"menu_order":0,"comment_status":"closed","ping_status":"closed","template":"","meta":{"footnotes":""},"class_list":["post-2975","page","type-page","status-publish","has-post-thumbnail","hentry"],"_links":{"self":[{"href":"https:\/\/www.millennium-towers.hu\/hu\/wp-json\/wp\/v2\/pages\/2975","targetHints":{"allow":["GET"]}}],"collection":[{"href":"https:\/\/www.millennium-towers.hu\/hu\/wp-json\/wp\/v2\/pages"}],"about":[{"href":"https:\/\/www.millennium-towers.hu\/hu\/wp-json\/wp\/v2\/types\/page"}],"author":[{"embeddable":true,"href":"https:\/\/www.millennium-towers.hu\/hu\/wp-json\/wp\/v2\/users\/3"}],"replies":[{"embeddable":true,"href":"https:\/\/www.millennium-towers.hu\/hu\/wp-json\/wp\/v2\/comments?post=2975"}],"version-history":[{"count":2,"href":"https:\/\/www.millennium-towers.hu\/hu\/wp-json\/wp\/v2\/pages\/2975\/revisions"}],"predecessor-version":[{"id":3697,"href":"https:\/\/www.millennium-towers.hu\/hu\/wp-json\/wp\/v2\/pages\/2975\/revisions\/3697"}],"wp:featuredmedia":[{"embeddable":true,"href":"https:\/\/www.millennium-towers.hu\/hu\/wp-json\/wp\/v2\/media\/2973"}],"wp:attachment":[{"href":"https:\/\/www.millennium-towers.hu\/hu\/wp-json\/wp\/v2\/media?parent=2975"}],"curies":[{"name":"wp","href":"https:\/\/api.w.org\/{rel}","templated":true}]}}